{"id":1069,"date":"2021-12-19T09:18:09","date_gmt":"2021-12-19T09:18:09","guid":{"rendered":"http:\/\/coldadventures.se\/courses\/"},"modified":"2023-07-03T09:17:57","modified_gmt":"2023-07-03T09:17:57","slug":"courses","status":"publish","type":"page","link":"https:\/\/coldadventures.se\/en\/packages\/","title":{"rendered":"Packages &#038; Gift cards"},"content":{"rendered":"<section class=\"l-section wpb_row us_custom_8591a7b2 height_auto width_full\"><div class=\"l-section-h i-cf\"><div class=\"g-cols vc_row via_grid cols_1 laptops-cols_inherit tablets-cols_inherit mobiles-cols_1 valign_top type_default stacking_default\"><div class=\"wpb_column vc_column_container\"><div class=\"vc_column-inner\"><div class=\"g-cols wpb_row page-header via_grid cols_1 laptops-cols_inherit tablets-cols_inherit mobiles-cols_1 valign_top type_default stacking_default\" style=\"--columns-gap:3rem;\"><div class=\"wpb_column vc_column_container\"><div class=\"vc_column-inner\"><div class=\"w-separator size_custom\" style=\"height:150px\"><\/div><div class=\"wpb_text_column us_custom_0c60be74\"><div class=\"wpb_wrapper\"><h1 style=\"text-align: center;\">The best of the best \u2013 book a complete package.<\/h1>\n<\/div><\/div><div class=\"w-separator size_custom\" style=\"height:150px\"><\/div><\/div><\/div><\/div><\/div><\/div><\/div><\/div><\/section><section class=\"l-section wpb_row height_auto\"><div class=\"l-section-h i-cf\"><div class=\"g-cols vc_row via_grid cols_1 laptops-cols_inherit tablets-cols_inherit mobiles-cols_1 valign_top type_default stacking_default\"><div class=\"wpb_column vc_column_container row_small-width\"><div class=\"vc_column-inner\"><div class=\"w-separator size_custom\" style=\"height:60px\"><\/div><div class=\"g-cols wpb_row via_grid cols_3-2 laptops-cols_inherit tablets-cols_inherit mobiles-cols_1 valign_top type_default stacking_default\" style=\"--columns-gap:0rem;\"><div class=\"wpb_column vc_column_container\"><div class=\"vc_column-inner\"><div class=\"wpb_text_column us_custom_b49e6f57 has_text_color\"><div class=\"wpb_wrapper\"><h2>Our packages<\/h2>\n<\/div><\/div><div class=\"w-separator size_custom\" style=\"height:15px\"><\/div><div class=\"wpb_text_column us_custom_3cf698df\"><div class=\"wpb_wrapper\"><p>We offer both accommodation in our archipelago through the Archipelago House on Sk\u00e4rg\u00e5rdsudden and the archipelago cabin on Getsk\u00e4r as well as experiences during our different seasons. By booking a complete package, you get the best of the best!<\/p>\n<\/div><\/div><\/div><\/div><div class=\"wpb_column vc_column_container row_semi-width\"><div class=\"vc_column-inner\"><div class=\"w-separator size_custom\" style=\"height:20px\" id=\"qd6a\"><style>@media(max-width:768px){ #qd6a{height:40px!important}}<\/style><\/div><div class=\"wpb_text_column us_custom_66131719 has_text_color\"><div class=\"wpb_wrapper\"><p>Two alternatives<\/p>\n<\/div><\/div><div class=\"w-btn-wrapper align_left\"><a class=\"w-btn us-btn-style_3 us_custom_20055dc2 listing has_text_color icon_atleft\" href=\"#complete\"><i class=\"fas fa-angle-right\"><\/i><span class=\"w-btn-label\">The best of the best \u2013 book a complete accommodation and experience package<\/span><\/a><\/div><div class=\"w-btn-wrapper align_left\"><a class=\"w-btn us-btn-style_3 us_custom_20055dc2 listing has_text_color icon_atleft\" href=\"#customize\"><i class=\"fas fa-angle-right\"><\/i><span class=\"w-btn-label\">Customize your own dream stay<\/span><\/a><\/div><div class=\"w-separator size_custom\" style=\"height:20px\" id=\"a3c4\"><style>@media(max-width:768px){ #a3c4{height:30px!important}}<\/style><\/div><\/div><\/div><\/div><\/div><\/div><\/div><\/div><\/section><section class=\"l-section wpb_row height_auto\" id=\"complete\"><div class=\"l-section-h i-cf\"><div class=\"g-cols vc_row via_grid cols_1 laptops-cols_inherit tablets-cols_inherit mobiles-cols_1 valign_top type_default stacking_default\"><div class=\"wpb_column vc_column_container\"><div class=\"vc_column-inner\"><div class=\"w-separator size_custom\" style=\"height:50px\"><\/div><div class=\"g-cols wpb_row us_custom_890f5662 via_grid cols_3-2 laptops-cols_inherit tablets-cols_inherit mobiles-cols_1 valign_middle type_default stacking_default\" style=\"--columns-gap:0rem;\"><div class=\"wpb_column vc_column_container\"><div class=\"vc_column-inner\"><div class=\"w-image us_custom_11a2f7f3 align_none\"><div class=\"w-image-h\"><img decoding=\"async\" width=\"940\" height=\"600\" src=\"https:\/\/coldadventures.se\/wp-content\/uploads\/2023\/07\/paket-fardiga_paket-2.jpg\" class=\"attachment-full size-full\" alt=\"\" loading=\"lazy\" srcset=\"https:\/\/coldadventures.se\/wp-content\/uploads\/2023\/07\/paket-fardiga_paket-2.jpg 940w, https:\/\/coldadventures.se\/wp-content\/uploads\/2023\/07\/paket-fardiga_paket-2-300x191.jpg 300w\" sizes=\"auto, (max-width: 940px) 100vw, 940px\" \/><\/div><\/div><\/div><\/div><div class=\"wpb_column vc_column_container row_mid-width\"><div class=\"vc_column-inner\"><div class=\"w-separator size_custom\" style=\"height:0px\" id=\"tc46\"><style>@media(max-width:768px){ #tc46{height:15px!important}}<\/style><\/div><div class=\"w-btn-wrapper align_left\"><a class=\"w-btn us-btn-style_5 us_custom_6e7e2b76 listing-upplevelser has_text_color icon_atleft\" href=\"#\"><i class=\"fas fa-angle-right\"><\/i><span class=\"w-btn-label\">Complete packages with the best of the best<\/span><\/a><\/div><div class=\"w-btn-wrapper align_left\"><a class=\"w-btn us-btn-style_5 us_custom_6e7e2b76 listing-upplevelser has_text_color icon_atleft\" href=\"#\"><i class=\"fas fa-angle-right\"><\/i><span class=\"w-btn-label\">Always with a silver lining<\/span><\/a><\/div><div class=\"w-btn-wrapper align_left\"><a class=\"w-btn us-btn-style_5 us_custom_6e7e2b76 listing-upplevelser has_text_color icon_atleft\" href=\"#\"><i class=\"fas fa-angle-right\"><\/i><span class=\"w-btn-label\">Super fast booking and payment on the website<\/span><\/a><\/div><div class=\"w-separator size_custom\" style=\"height:0px\" id=\"j292\"><style>@media(max-width:768px){ #j292{height:15px!important}}<\/style><\/div><\/div><\/div><\/div><div class=\"g-cols wpb_row us_custom_53e909a9 via_grid cols_2 laptops-cols_inherit tablets-cols_inherit mobiles-cols_1 valign_top type_default stacking_default\" style=\"--columns-gap:3rem;\"><div class=\"wpb_column vc_column_container\"><div class=\"vc_column-inner\"><div class=\"w-separator size_custom\" style=\"height:20px\"><\/div><div class=\"wpb_text_column us_custom_33c3a0a5\"><div class=\"wpb_wrapper\"><h3>The best of the best \u2013 book a complete package<\/h3>\n<\/div><\/div><div class=\"wpb_text_column us_custom_15f9d3f2\"><div class=\"wpb_wrapper\"><p>A midsummer weekend with everything you need, a fast-paced sports holiday for the children, a luxurious weekend with best friends, a Nordic taste trip or an ice-breaking safari. In the booking you can find different current packages filled with the best of the best for that particular season, season or weekend. There is usually only one copy of these packages, so book quickly if you find something you like! These packages always have a silver lining for maximum experience with us.<\/p>\n<\/div><\/div><div class=\"w-btn-wrapper align_center\"><a class=\"w-btn us-btn-style_1 boka-knapp icon_atright\" href=\"https:\/\/online.bookvisit.com\/package\/list?channelId=b1baa70f-83f5-445e-b886-d03cc961be33\"><span class=\"w-btn-label\">Book<\/span><i class=\"fas fa-calendar\"><\/i><\/a><\/div><div class=\"w-separator size_custom\" style=\"height:30px\" id=\"jdf1\"><style>@media(max-width:768px){ #jdf1{height:0px!important}}<\/style><\/div><\/div><\/div><div class=\"wpb_column vc_column_container\"><div class=\"vc_column-inner\"><div class=\"w-image us_custom_fb698228 center-img align_center\"><div class=\"w-image-h\"><img decoding=\"async\" width=\"400\" height=\"300\" src=\"https:\/\/coldadventures.se\/wp-content\/uploads\/2021\/11\/citat-tecken.png\" class=\"attachment-full size-full\" alt=\"\" loading=\"lazy\" srcset=\"https:\/\/coldadventures.se\/wp-content\/uploads\/2021\/11\/citat-tecken.png 400w, https:\/\/coldadventures.se\/wp-content\/uploads\/2021\/11\/citat-tecken-300x225.png 300w\" sizes=\"auto, (max-width: 400px) 100vw, 400px\" \/><\/div><\/div><div class=\"wpb_text_column us_custom_cb2ef3cf\"><div class=\"wpb_wrapper\"><p style=\"text-align: center;\"><em>I booked a Winter Safari Premium for my whole family of 6 for a weekend on the Archipelago. We stayed 3 days and two nights and the days were filled with experiences while there was room for us to have unplanned quality time together. Super easy to book and pay directly on the website. Don&#8217;t think it took me more than 10 minutes to find the right one, book and pay &amp; it was a nice surprise for my family.<\/em><\/p>\n<p style=\"text-align: center; font-family: Roboto; letter-spacing: 0.2rem; font-size: 12px; margin-top: 15px;\">MATHIAS<\/p>\n<\/div><\/div><div class=\"w-separator size_custom\" style=\"height:0px\" id=\"bfbd\"><style>@media(max-width:768px){ #bfbd{height:30px!important}}<\/style><\/div><\/div><\/div><\/div><div class=\"w-separator us_custom_53e909a9 size_custom\" style=\"height:30px\"><\/div><div class=\"w-separator size_custom\" style=\"height:50px\"><\/div><\/div><\/div><\/div><\/div><\/section><section class=\"l-section wpb_row height_auto\" id=\"customize\"><div class=\"l-section-h i-cf\"><div class=\"g-cols vc_row via_grid cols_1 laptops-cols_inherit tablets-cols_inherit mobiles-cols_1 valign_top type_default stacking_default\"><div class=\"wpb_column vc_column_container\"><div class=\"vc_column-inner\"><div class=\"w-separator size_custom\" style=\"height:50px\"><\/div><div class=\"g-cols wpb_row us_custom_890f5662 via_grid cols_3-2 laptops-cols_inherit tablets-cols_inherit mobiles-cols_1 valign_middle type_default stacking_default\" style=\"--columns-gap:0rem;\"><div class=\"wpb_column vc_column_container\"><div class=\"vc_column-inner\"><div class=\"w-image us_custom_11a2f7f3 align_none\"><div class=\"w-image-h\"><img decoding=\"async\" width=\"940\" height=\"600\" src=\"https:\/\/coldadventures.se\/wp-content\/uploads\/2023\/02\/paket-skraddarsy.jpg\" class=\"attachment-full size-full\" alt=\"\" loading=\"lazy\" srcset=\"https:\/\/coldadventures.se\/wp-content\/uploads\/2023\/02\/paket-skraddarsy.jpg 940w, https:\/\/coldadventures.se\/wp-content\/uploads\/2023\/02\/paket-skraddarsy-300x191.jpg 300w\" sizes=\"auto, (max-width: 940px) 100vw, 940px\" \/><\/div><\/div><\/div><\/div><div class=\"wpb_column vc_column_container row_mid-width\"><div class=\"vc_column-inner\"><div class=\"w-separator size_custom\" style=\"height:0px\" id=\"x3ef\"><style>@media(max-width:768px){ #x3ef{height:15px!important}}<\/style><\/div><div class=\"w-btn-wrapper align_left\"><a class=\"w-btn us-btn-style_5 us_custom_6e7e2b76 listing-upplevelser has_text_color icon_atleft\" href=\"#\"><i class=\"fas fa-angle-right\"><\/i><span class=\"w-btn-label\">Select any length of your stay<\/span><\/a><\/div><div class=\"w-btn-wrapper align_left\"><a class=\"w-btn us-btn-style_5 us_custom_6e7e2b76 listing-upplevelser has_text_color icon_atleft\" href=\"#\"><i class=\"fas fa-angle-right\"><\/i><span class=\"w-btn-label\">Choose among almost 40 different options<\/span><\/a><\/div><div class=\"w-btn-wrapper align_left\"><a class=\"w-btn us-btn-style_5 us_custom_6e7e2b76 listing-upplevelser has_text_color icon_atleft\" href=\"#\"><i class=\"fas fa-angle-right\"><\/i><span class=\"w-btn-label\">Tailor your own dream stay<\/span><\/a><\/div><div class=\"w-btn-wrapper align_left\"><a class=\"w-btn us-btn-style_5 us_custom_6e7e2b76 listing-upplevelser has_text_color icon_atleft\" href=\"#\"><i class=\"fas fa-angle-right\"><\/i><span class=\"w-btn-label\">Pay directly on the website<\/span><\/a><\/div><div class=\"w-separator size_custom\" style=\"height:0px\" id=\"maa3\"><style>@media(max-width:768px){ #maa3{height:15px!important}}<\/style><\/div><\/div><\/div><\/div><div class=\"g-cols wpb_row us_custom_53e909a9 via_grid cols_1 laptops-cols_inherit tablets-cols_inherit mobiles-cols_1 valign_top type_default stacking_default\" style=\"--columns-gap:3rem;\"><div class=\"wpb_column vc_column_container\"><div class=\"vc_column-inner\"><div class=\"w-separator size_custom\" style=\"height:20px\"><\/div><div class=\"wpb_text_column us_custom_33c3a0a5\"><div class=\"wpb_wrapper\"><h3>Customize your own dream stay<\/h3>\n<\/div><\/div><div class=\"wpb_text_column us_custom_904930db\"><div class=\"wpb_wrapper\"><p>Here on the website, you can easily find the date that suits you and book any length of your holiday or stay. In subsequent steps, you can browse and choose from a multitude of different options to create your best customized stay with us. Everything from spa kit to praline courses to a master chef in the kitchen. Customize a dream for you and your party!<\/p>\n<\/div><\/div><div class=\"w-btn-wrapper align_center\"><a class=\"w-btn us-btn-style_1 boka-knapp icon_atright\" href=\"https:\/\/online.bookvisit.com\/accommodation\/list?channelId=b1baa70f-83f5-445e-b886-d03cc961be33\"><span class=\"w-btn-label\">Book<\/span><i class=\"fas fa-calendar\"><\/i><\/a><\/div><div class=\"w-separator size_custom\" style=\"height:30px\" id=\"v37e\"><style>@media(max-width:768px){ #v37e{height:0px!important}}<\/style><\/div><\/div><\/div><\/div><div class=\"w-separator size_custom\" style=\"height:60px\"><\/div><\/div><\/div><\/div><\/div><\/section><section class=\"l-section wpb_row height_auto width_full\"><div class=\"l-section-overlay\" style=\"background:var(--color-alt-content-border)\"><\/div><div class=\"l-section-h i-cf\"><div class=\"g-cols vc_row via_grid cols_1-4-1 laptops-cols_inherit tablets-cols_inherit mobiles-cols_1 valign_top type_default stacking_default\"><div class=\"wpb_column vc_column_container\"><div class=\"vc_column-inner\"><\/div><\/div><div class=\"wpb_column vc_column_container\"><div class=\"vc_column-inner\"><div class=\"w-separator size_custom\" style=\"height:40px\"><\/div><div class=\"wpb_text_column\"><div class=\"wpb_wrapper\"><h3 style=\"text-align: center;\">Book your package!<\/h3>\n<\/div><\/div><div class=\"w-separator size_custom\" style=\"height:25px\"><\/div><div class=\"w-btn-wrapper align_center\"><a class=\"w-btn us-btn-style_2 icon_atright\" href=\"https:\/\/online.bookvisit.com\/package\/list?channelId=b1baa70f-83f5-445e-b886-d03cc961be33\"><span class=\"w-btn-label\">Search and book packages<\/span><i class=\"fas fa-angle-right\"><\/i><\/a><\/div><div class=\"w-separator size_custom\" style=\"height:45px\"><\/div><\/div><\/div><div class=\"wpb_column vc_column_container\"><div class=\"vc_column-inner\"><\/div><\/div><\/div><\/div><\/section><section class=\"l-section wpb_row height_auto\"><div class=\"l-section-overlay\" style=\"background:#f1f0ed\"><\/div><div class=\"l-section-h i-cf\"><div class=\"g-cols vc_row via_grid cols_1 laptops-cols_inherit tablets-cols_inherit mobiles-cols_1 valign_top type_default stacking_default\"><div class=\"wpb_column vc_column_container\"><div class=\"vc_column-inner\"><div class=\"w-separator size_custom\" style=\"height:40px\"><\/div><div class=\"g-cols wpb_row row_small-width via_grid cols_3-2 laptops-cols_inherit tablets-cols_inherit mobiles-cols_1 valign_top type_default stacking_default\" style=\"--columns-gap:3rem;\"><div class=\"wpb_column vc_column_container\"><div class=\"vc_column-inner\"><div class=\"wpb_text_column us_custom_e28183d5\"><div class=\"wpb_wrapper\"><h3>Gift cards<\/h3>\n<\/div><\/div><div class=\"w-separator size_custom\" style=\"height:15px\"><\/div><div class=\"wpb_text_column us_custom_f87d2253 has_text_color\"><div class=\"wpb_wrapper\"><p>Buy a gift card for someone you like<\/p>\n<\/div><\/div><div class=\"w-separator size_custom\" style=\"height:15px\"><\/div><div class=\"wpb_text_column us_custom_e28183d5\"><div class=\"wpb_wrapper\"><p>With our gift cards, you can give away an amount of your choice that can be used for all our different experiences, accommodation or ready-made packages.<\/p>\n<\/div><\/div><div class=\"w-separator size_custom\" style=\"height:25px\"><\/div><div class=\"w-btn-wrapper default_align_left laptops_align_left tablets_align_left mobiles_align_center\"><a class=\"w-btn us-btn-style_2 icon_atright\" href=\"https:\/\/online.bookvisit.com\/giftcard\/list?channelId=b1baa70f-83f5-445e-b886-d03cc961be33\"><span class=\"w-btn-label\">Buy<\/span><i class=\"fas fa-angle-right\"><\/i><\/a><\/div><div class=\"w-separator size_custom\" style=\"height:0px\" id=\"y56c\"><style>@media(max-width:768px){ #y56c{height:20px!important}}<\/style><\/div><\/div><\/div><div class=\"wpb_column vc_column_container\"><div class=\"vc_column-inner\"><div class=\"w-image us_custom_1ca6c1f6 center-img align_none\"><div class=\"w-image-h\"><img decoding=\"async\" width=\"600\" height=\"475\" src=\"https:\/\/coldadventures.se\/wp-content\/uploads\/2023\/03\/presentkort.jpg\" class=\"attachment-full size-full\" alt=\"\" loading=\"lazy\" srcset=\"https:\/\/coldadventures.se\/wp-content\/uploads\/2023\/03\/presentkort.jpg 600w, https:\/\/coldadventures.se\/wp-content\/uploads\/2023\/03\/presentkort-300x238.jpg 300w\" sizes=\"auto, (max-width: 600px) 100vw, 600px\" \/><\/div><\/div><\/div><\/div><\/div><div class=\"w-separator size_custom\" style=\"height:45px\"><\/div><\/div><\/div><\/div><\/div><\/section><section class=\"l-section wpb_row height_auto width_full\"><div class=\"l-section-h i-cf\"><div class=\"g-cols vc_row via_grid cols_1 laptops-cols_inherit tablets-cols_inherit mobiles-cols_1 valign_top type_default stacking_default\"><div class=\"wpb_column vc_column_container\"><div class=\"vc_column-inner\">\n<\/div><\/div><\/div><\/div><\/section>\n","protected":false},"excerpt":{"rendered":"The best of the best \u2013 book a complete package. Our packages We offer both accommodation in our archipelago through the Archipelago House on Sk\u00e4rg\u00e5rdsudden and the archipelago cabin on Getsk\u00e4r as well as experiences during our different seasons. By booking a complete package, you get the best of the best! Two alternatives The best...","protected":false},"author":1,"featured_media":2080,"parent":0,"menu_order":0,"comment_status":"closed","ping_status":"closed","template":"","meta":{"_acf_changed":false,"footnotes":""},"class_list":["post-1069","page","type-page","status-publish","has-post-thumbnail","hentry"],"acf":[],"_links":{"self":[{"href":"https:\/\/coldadventures.se\/en\/wp-json\/wp\/v2\/pages\/1069","targetHints":{"allow":["GET"]}}],"collection":[{"href":"https:\/\/coldadventures.se\/en\/wp-json\/wp\/v2\/pages"}],"about":[{"href":"https:\/\/coldadventures.se\/en\/wp-json\/wp\/v2\/types\/page"}],"author":[{"embeddable":true,"href":"https:\/\/coldadventures.se\/en\/wp-json\/wp\/v2\/users\/1"}],"replies":[{"embeddable":true,"href":"https:\/\/coldadventures.se\/en\/wp-json\/wp\/v2\/comments?post=1069"}],"version-history":[{"count":42,"href":"https:\/\/coldadventures.se\/en\/wp-json\/wp\/v2\/pages\/1069\/revisions"}],"predecessor-version":[{"id":2128,"href":"https:\/\/coldadventures.se\/en\/wp-json\/wp\/v2\/pages\/1069\/revisions\/2128"}],"wp:featuredmedia":[{"embeddable":true,"href":"https:\/\/coldadventures.se\/en\/wp-json\/wp\/v2\/media\/2080"}],"wp:attachment":[{"href":"https:\/\/coldadventures.se\/en\/wp-json\/wp\/v2\/media?parent=1069"}],"curies":[{"name":"wp","href":"https:\/\/api.w.org\/{rel}","templated":true}]}}