{"id":1076,"date":"2021-12-19T09:31:59","date_gmt":"2021-12-19T09:31:59","guid":{"rendered":"http:\/\/coldadventures.se\/about-us\/"},"modified":"2023-07-03T09:06:30","modified_gmt":"2023-07-03T09:06:30","slug":"about-us","status":"publish","type":"page","link":"https:\/\/coldadventures.se\/en\/about-us\/","title":{"rendered":"About us"},"content":{"rendered":"<section class=\"l-section wpb_row us_custom_8591a7b2 height_auto width_full\"><div class=\"l-section-h i-cf\"><div class=\"g-cols vc_row via_grid cols_1 laptops-cols_inherit tablets-cols_inherit mobiles-cols_1 valign_top type_default stacking_default\"><div class=\"wpb_column vc_column_container\"><div class=\"vc_column-inner\"><div class=\"g-cols wpb_row page-header via_grid cols_1 laptops-cols_inherit tablets-cols_inherit mobiles-cols_1 valign_top type_default stacking_default\" style=\"--columns-gap:3rem;\"><div class=\"wpb_column vc_column_container\"><div class=\"vc_column-inner\"><div class=\"w-separator size_custom\" style=\"height:400px\"><\/div><\/div><\/div><\/div><\/div><\/div><\/div><\/div><\/section><section class=\"l-section wpb_row height_auto\"><div class=\"l-section-h i-cf\"><div class=\"g-cols vc_row via_grid cols_1 laptops-cols_inherit tablets-cols_inherit mobiles-cols_1 valign_top type_default stacking_default\"><div class=\"wpb_column vc_column_container row_small-width\"><div class=\"vc_column-inner\"><div class=\"w-separator size_custom\" style=\"height:55px\"><\/div><div class=\"wpb_text_column\"><div class=\"wpb_wrapper\"><h1 style=\"text-align: center;\">About us<\/h1>\n<\/div><\/div><div class=\"w-separator size_custom\" style=\"height:10px\"><\/div><div class=\"wpb_text_column row_huge-width\"><div class=\"wpb_wrapper\"><p style=\"text-align: center;\">Our roots are in the coastal villages and archipelago of Kalix. We would like to invite you to our archipelago-lifestyle. We love our archipelago and our eight seasons. That is why we have created a number of safaris, experiences and packages where you can enjoy the best of what the archipelago and the different seasons can offer \u2013 together with us. We hope you are curious to see, explore and taste everything the archipelago has to offer.<\/p>\n<p style=\"text-align: center;\">Welcome to nature, to the simplicity and to our home!<\/p>\n<\/div><\/div><div class=\"w-separator size_custom\" style=\"height:70px\"><\/div><\/div><\/div><\/div><\/div><\/section><section class=\"l-section wpb_row row_mid-width height_auto\"><div class=\"l-section-h i-cf\"><div class=\"g-cols vc_row via_grid cols_1 laptops-cols_inherit tablets-cols_inherit mobiles-cols_1 valign_top type_default stacking_default\"><div class=\"wpb_column vc_column_container row_semi-width\"><div class=\"vc_column-inner\"><div class=\"g-cols wpb_row via_grid cols_2-3 laptops-cols_inherit tablets-cols_inherit mobiles-cols_1 valign_middle type_default stacking_default\" style=\"--columns-gap:3rem;\"><div class=\"wpb_column vc_column_container\"><div class=\"vc_column-inner\"><div class=\"w-image us_custom_a16cad38 center-img align_none\"><div class=\"w-image-h\"><img decoding=\"async\" width=\"740\" height=\"800\" src=\"https:\/\/coldadventures.se\/wp-content\/uploads\/2023\/02\/genuint_pa_naturens_villkor.jpg\" class=\"attachment-full size-full\" alt=\"\" loading=\"lazy\" srcset=\"https:\/\/coldadventures.se\/wp-content\/uploads\/2023\/02\/genuint_pa_naturens_villkor.jpg 740w, https:\/\/coldadventures.se\/wp-content\/uploads\/2023\/02\/genuint_pa_naturens_villkor-278x300.jpg 278w\" sizes=\"auto, (max-width: 740px) 100vw, 740px\" \/><\/div><\/div><\/div><\/div><div class=\"wpb_column vc_column_container\"><div class=\"vc_column-inner\"><div class=\"wpb_text_column\"><div class=\"wpb_wrapper\"><h3>Genuinity on nature\u2019s terms<\/h3>\n<p>We are a small family business, dedicated to offer You, your friends, your family and\/or your colleagues an insight into our life in the archipelago. Our goal is to give You memorable experiences in the nature of Swedish Lapland. Our ambition is for You to remember your time here for the rest of your life. We strive for what is simple and abide by nature\u2019s rules.<\/p>\n<p>Welcome to nature, to the simplicity and to our home!<\/p>\n<\/div><\/div><\/div><\/div><\/div><div class=\"w-separator size_custom\" style=\"height:50px\"><\/div><\/div><\/div><\/div><\/div><\/section><section class=\"l-section wpb_row us_custom_c70c97eb row_mid-width height_auto\"><div class=\"l-section-h i-cf\"><div class=\"g-cols vc_row via_grid cols_1 laptops-cols_inherit tablets-cols_inherit mobiles-cols_1 valign_top type_default stacking_default\"><div class=\"wpb_column vc_column_container row_semi-width\"><div class=\"vc_column-inner\"><div class=\"w-separator size_custom\" style=\"height:50px\"><\/div><div class=\"g-cols wpb_row via_grid cols_1-4-1 laptops-cols_inherit tablets-cols_inherit mobiles-cols_1 valign_top type_default stacking_default\" style=\"--columns-gap:3rem;\"><div class=\"wpb_column vc_column_container\"><div class=\"vc_column-inner\"><\/div><\/div><div class=\"wpb_column vc_column_container\"><div class=\"vc_column-inner\"><div class=\"wpb_text_column\"><div class=\"wpb_wrapper\"><h3 style=\"text-align: center;\">Our vision<\/h3>\n<p style=\"text-align: center;\">Our vision is to give You memorable experiences in the nature of Swedish Lapland. Our homecourt is the mountain, the forest and the sea. And we play by nature\u2019s rules.<\/p>\n<\/div><\/div><\/div><\/div><div class=\"wpb_column vc_column_container\"><div class=\"vc_column-inner\"><\/div><\/div><\/div><div class=\"w-separator size_custom\" style=\"height:60px\"><\/div><\/div><\/div><\/div><\/div><\/section><section class=\"l-section wpb_row height_auto\" id=\"skargardsudden_ranon\"><div class=\"l-section-h i-cf\"><div class=\"g-cols vc_row via_grid cols_1 laptops-cols_inherit tablets-cols_inherit mobiles-cols_1 valign_top type_default stacking_default\"><div class=\"wpb_column vc_column_container row_mid-width\"><div class=\"vc_column-inner\"><div class=\"w-separator size_custom\" style=\"height:50px\"><\/div><div class=\"g-cols wpb_row via_grid cols_2 laptops-cols_inherit tablets-cols_inherit mobiles-cols_1 valign_top type_default stacking_default\" style=\"--columns-gap:3rem;\"><div class=\"wpb_column vc_column_container\"><div class=\"vc_column-inner\"><div class=\"w-image align_none\"><div class=\"w-image-h\"><img decoding=\"async\" width=\"1080\" height=\"620\" src=\"https:\/\/coldadventures.se\/wp-content\/uploads\/2021\/12\/skargardsudden_01.jpg\" class=\"attachment-full size-full\" alt=\"Sk\u00e4rg\u00e5rds\u00f6n\" loading=\"lazy\" srcset=\"https:\/\/coldadventures.se\/wp-content\/uploads\/2021\/12\/skargardsudden_01.jpg 1080w, https:\/\/coldadventures.se\/wp-content\/uploads\/2021\/12\/skargardsudden_01-300x172.jpg 300w, https:\/\/coldadventures.se\/wp-content\/uploads\/2021\/12\/skargardsudden_01-1024x588.jpg 1024w\" sizes=\"auto, (max-width: 1080px) 100vw, 1080px\" \/><\/div><\/div><div class=\"w-separator size_custom\" style=\"height:25px\"><\/div><div class=\"wpb_text_column us_custom_9c33410b\"><div class=\"wpb_wrapper\"><h3>Comfortable archipelago life at Sk\u00e4rg\u00e5rdsudden<\/h3>\n<\/div><\/div><div class=\"wpb_text_column us_custom_2ae65f69\"><div class=\"wpb_wrapper\"><p>Sk\u00e4rg\u00e5rdsudden is located in the coastal village of Nyborg 10 km from Kalix by the beach, where the Kalix river flows into the archipelago. The story of Sk\u00e4rg\u00e5rdsudden started around 2005, when I bought the land for what is today a small archipelago quarter.<\/p>\n<p>From the beginning, the &#8220;headland&#8221; was an old sawing area, where the Kalix river was used to float timber down the river to the surrounding village sawmills. It was the longing for home to Kalix, the archipelago, the family and the simple life that is the foundation of the Sk\u00e4rg\u00e5rdsudden neighborhood.<\/p>\n<p>My vision in the creation of the small block was that I wanted to imitate my childhood memories from the archipelago and there were certain parts that were important to include, such as a sandy beach for the children, docks for boats and boathouses along the waterline to be furnished as a sauna, storage or guest cabin.<\/p>\n<p>I wanted to build a neighborhood that would blend into the archipelago environment and take advantage of the opportunity to be close to the water, the light, the changes of the seasons and nature. The challenges were many, but the reward was my Archipelago House where me and my daughter are living our dream today.<\/p>\n<p>When Sk\u00e4rg\u00e5rdsudden was &#8220;finished&#8221; and all plots sold, I felt that I wanted to continue inviting others to our archipelago life &#8211; as temporary and willingly returning guests. With that in mind, we started creating experiences based on our beloved seasons that aim to highlight the best of each season. For us, it&#8217;s the big differences that are the real thing &#8211; that all seasons have their charm.<\/p>\n<p>Starting from the Archipelago Cape, we now offer accommodation, experiences connected to our seasons and our archipelago with ready-made packages that can be booked here on the website.<\/p>\n<p>My daughter Elsa and I would like to warmly welcome you, your family, friends or colleagues home to us and to the Kalix Archipelago.<\/p>\n<\/div><\/div><div class=\"w-separator size_custom\" style=\"height:30px\"><\/div><div class=\"w-btn-wrapper align_none\"><a class=\"w-btn us-btn-style_1\" target=\"_blank\" rel=\"nofollow\" href=\"https:\/\/online.bookvisit.com\/accommodation\/list?channelId=b1baa70f-83f5-445e-b886-d03cc961be33\"><span class=\"w-btn-label\">Book the archipelago house<\/span><\/a><\/div><div class=\"w-separator size_custom\" style=\"height:20px\"><\/div><\/div><\/div><div class=\"wpb_column vc_column_container\"><div class=\"vc_column-inner\"><div class=\"w-image align_none\"><div class=\"w-image-h\"><img decoding=\"async\" width=\"1080\" height=\"620\" src=\"https:\/\/coldadventures.se\/wp-content\/uploads\/2021\/12\/ranon_01.jpg\" class=\"attachment-full size-full\" alt=\"R\u00e5n\u00f6n\" loading=\"lazy\" srcset=\"https:\/\/coldadventures.se\/wp-content\/uploads\/2021\/12\/ranon_01.jpg 1080w, https:\/\/coldadventures.se\/wp-content\/uploads\/2021\/12\/ranon_01-300x172.jpg 300w, https:\/\/coldadventures.se\/wp-content\/uploads\/2021\/12\/ranon_01-1024x588.jpg 1024w\" sizes=\"auto, (max-width: 1080px) 100vw, 1080px\" \/><\/div><\/div><div class=\"w-separator size_custom\" style=\"height:25px\"><\/div><div class=\"wpb_text_column us_custom_9c33410b\"><div class=\"wpb_wrapper\"><h3>Elsa&#8217;s Archipelago Caf\u00e9 &#8211; with a mix of sweet &amp; salty<\/h3>\n<\/div><\/div><div class=\"wpb_text_column us_custom_2ae65f69\"><div class=\"wpb_wrapper\"><p>Even as a very small child, my dream was to have my own cafe and be able to invite others to my coffee. When I was 6 years old I had my first archipelago cafe out in the cabin on R\u00e5n\u00f6n. Because more and more visitors came to my summer cafe and I started to be invited to various markets and other events with my cafe.<\/p>\n<p>Now I have turned 13 and have received several wedding orders last summer and I almost always bake for our guests in Cold Adventures. I receive my own guests on my jetty at home on Sk\u00e4rg\u00e5rdsudden and in the summer I have Elsa&#8217;s caf\u00e9 in the cabin on R\u00e5n\u00f6n. I deliver coffee for weddings, baptisms, baby showers, parties and more. Feel free to contact me if you fancy a coffee!<\/p>\n<\/div><\/div><div class=\"w-separator size_custom\" style=\"height:30px\"><\/div><div class=\"w-btn-wrapper align_none\"><a class=\"w-btn us-btn-style_1\" href=\"https:\/\/coldadventures.se\/en\/contact\/\"><span class=\"w-btn-label\">Contact Elsa<\/span><\/a><\/div><div class=\"w-separator size_custom\" style=\"height:20px\"><\/div><\/div><\/div><\/div><div class=\"w-separator size_custom\" style=\"height:60px\"><\/div><\/div><\/div><\/div><\/div><\/section><section class=\"l-section wpb_row us_custom_c70c97eb row_mid-width height_auto\"><div class=\"l-section-h i-cf\"><div class=\"g-cols vc_row via_grid cols_1 laptops-cols_inherit tablets-cols_inherit mobiles-cols_1 valign_top type_default stacking_default\"><div class=\"wpb_column vc_column_container row_semi-width\"><div class=\"vc_column-inner\"><div class=\"w-separator size_custom\" style=\"height:50px\"><\/div><div class=\"g-cols wpb_row via_grid cols_2 laptops-cols_inherit tablets-cols_inherit mobiles-cols_1 valign_top type_default stacking_default\" style=\"--columns-gap:3rem;\"><div class=\"wpb_column vc_column_container\"><div class=\"vc_column-inner\"><div class=\"wpb_text_column\"><div class=\"wpb_wrapper\"><h3>Kalix Caviar<\/h3>\n<p>Kalix Caviar is a unique delicacy that can only be extracted from the fish vendace that is caught in the brackish waters of the Gulf of Bottenviken. Here several large rivers flow out with clean water from our mountains and mix with the salty sea water. Here several large rivers flow out with clean water from our mountains and mix with the salty sea water.<\/p>\n<\/div><\/div><\/div><\/div><div class=\"wpb_column vc_column_container\"><div class=\"vc_column-inner\"><div class=\"w-image align_center\"><div class=\"w-image-h\"><img decoding=\"async\" width=\"1080\" height=\"550\" src=\"https:\/\/coldadventures.se\/wp-content\/uploads\/2021\/12\/kalix_lojrom.jpg\" class=\"attachment-full size-full\" alt=\"\" loading=\"lazy\" srcset=\"https:\/\/coldadventures.se\/wp-content\/uploads\/2021\/12\/kalix_lojrom.jpg 1080w, https:\/\/coldadventures.se\/wp-content\/uploads\/2021\/12\/kalix_lojrom-300x153.jpg 300w, https:\/\/coldadventures.se\/wp-content\/uploads\/2021\/12\/kalix_lojrom-1024x521.jpg 1024w\" sizes=\"auto, (max-width: 1080px) 100vw, 1080px\" \/><\/div><\/div><\/div><\/div><\/div><div class=\"w-separator size_custom\" style=\"height:20px\" id=\"v6d8\"><style>@media(max-width:768px){ #v6d8{height:50px!important}}<\/style><\/div><div class=\"g-cols wpb_row via_grid cols_2 laptops-cols_inherit tablets-cols_inherit mobiles-cols_1 valign_middle type_default stacking_default\" style=\"--columns-gap:3rem;\"><div class=\"wpb_column vc_column_container\"><div class=\"vc_column-inner\"><div class=\"wpb_text_column\"><div class=\"wpb_wrapper\"><h3>About geographical indication labeling<\/h3>\n<p>In 2010 Kalix Caviar became the first Swedish food product to be granted the EU geographical indication, Protected Designation of Origin (PDO), giving it the same high status as, for example, Champagne and Parmesan. The label has a number of requirements. Among other things, it specifies that only roe from vendace caught in the Bothnian Bay, within the municipalities of Haparanda, Kalix, Lule\u00e5 and Pite\u00e5 is allowed to be called \u201cKalix L\u00f6jrom\u201d &#8211; Kalix Caviar.<\/p>\n<\/div><\/div><\/div><\/div><div class=\"wpb_column vc_column_container\"><div class=\"vc_column-inner\"><div class=\"w-separator size_custom\" style=\"height:30px\"><\/div><div class=\"wpb_text_column us_custom_d0d5058c\"><div class=\"wpb_wrapper\"><p style=\"text-align: center;\">In close collaboration with Guldhaven Pelagiska<br \/>\n<a href=\"https:\/\/guldhaven.se\/\" target=\"_blank\" rel=\"noopener\">www.guldhaven.se<\/a><\/p>\n<\/div><\/div><div class=\"w-separator size_custom\" style=\"height:25px\"><\/div><div class=\"w-image us_custom_214cff5d center-img align_center\"><a target=\"_blank\" rel=\"nofollow\" href=\"https:\/\/guldhaven.se\/\" aria-label=\"guldhaven_skyddad-ursprungsbeteckning\" class=\"w-image-h\"><img decoding=\"async\" width=\"900\" height=\"200\" src=\"https:\/\/coldadventures.se\/wp-content\/uploads\/2021\/12\/guldhaven_skyddad-ursprungsbeteckning.png\" class=\"attachment-full size-full\" alt=\"\" loading=\"lazy\" srcset=\"https:\/\/coldadventures.se\/wp-content\/uploads\/2021\/12\/guldhaven_skyddad-ursprungsbeteckning.png 900w, https:\/\/coldadventures.se\/wp-content\/uploads\/2021\/12\/guldhaven_skyddad-ursprungsbeteckning-300x67.png 300w\" sizes=\"auto, (max-width: 900px) 100vw, 900px\" \/><\/a><\/div><\/div><\/div><\/div><div class=\"w-separator size_custom\" style=\"height:60px\"><\/div><\/div><\/div><\/div><\/div><\/section><section class=\"l-section wpb_row height_auto\"><div class=\"l-section-h i-cf\"><div class=\"g-cols vc_row via_grid cols_1 laptops-cols_inherit tablets-cols_inherit mobiles-cols_1 valign_top type_default stacking_default\"><div class=\"wpb_column vc_column_container\"><div class=\"vc_column-inner\"><div class=\"g-cols wpb_row us_custom_99817634 row_huge-width via_grid cols_2 laptops-cols_inherit tablets-cols_inherit mobiles-cols_1 valign_top type_default stacking_default\" style=\"--columns-gap:2rem;\"><div class=\"wpb_column vc_column_container\"><div class=\"vc_column-inner\"><div class=\"w-image style_circle align_center\"><div class=\"w-image-h\"><img decoding=\"async\" width=\"600\" height=\"600\" src=\"https:\/\/coldadventures.se\/wp-content\/uploads\/2021\/12\/om-oss_madelene.jpg\" class=\"attachment-full size-full\" alt=\"\" loading=\"lazy\" srcset=\"https:\/\/coldadventures.se\/wp-content\/uploads\/2021\/12\/om-oss_madelene.jpg 600w, https:\/\/coldadventures.se\/wp-content\/uploads\/2021\/12\/om-oss_madelene-300x300.jpg 300w, https:\/\/coldadventures.se\/wp-content\/uploads\/2021\/12\/om-oss_madelene-150x150.jpg 150w\" sizes=\"auto, (max-width: 600px) 100vw, 600px\" \/><\/div><\/div><\/div><\/div><div class=\"wpb_column vc_column_container\"><div class=\"vc_column-inner\"><div class=\"w-image style_circle align_center\"><div class=\"w-image-h\"><img decoding=\"async\" width=\"600\" height=\"600\" src=\"https:\/\/coldadventures.se\/wp-content\/uploads\/2021\/12\/om-oss_elsa.jpg\" class=\"attachment-full size-full\" alt=\"\" loading=\"lazy\" srcset=\"https:\/\/coldadventures.se\/wp-content\/uploads\/2021\/12\/om-oss_elsa.jpg 600w, https:\/\/coldadventures.se\/wp-content\/uploads\/2021\/12\/om-oss_elsa-300x300.jpg 300w, https:\/\/coldadventures.se\/wp-content\/uploads\/2021\/12\/om-oss_elsa-150x150.jpg 150w\" sizes=\"auto, (max-width: 600px) 100vw, 600px\" \/><\/div><\/div><\/div><\/div><\/div><div class=\"g-cols wpb_row via_grid cols_1 laptops-cols_inherit tablets-cols_inherit mobiles-cols_1 valign_top type_default stacking_default\" style=\"--columns-gap:3rem;\"><div class=\"wpb_column vc_column_container\"><div class=\"vc_column-inner\"><div class=\"wpb_text_column us_custom_f0a59e43\"><div class=\"wpb_wrapper\"><p style=\"text-align: center;\">Madelene and Elsa<\/p>\n<\/div><\/div><\/div><\/div><\/div><div class=\"w-separator size_custom\" style=\"height:60px\"><\/div><div class=\"g-cols wpb_row via_grid cols_1 laptops-cols_inherit tablets-cols_inherit mobiles-cols_1 valign_top type_default stacking_default\" style=\"--columns-gap:3rem;\"><div class=\"wpb_column vc_column_container row_large-width\"><div class=\"vc_column-inner\"><div class=\"wpb_text_column us_custom_0a71d3af\"><div class=\"wpb_wrapper\"><p style=\"text-align: center;\"><em>Welcome to an experience of a lifetime!<\/em><\/p>\n<\/div><\/div><\/div><\/div><\/div><div class=\"w-separator size_custom\" style=\"height:40px\"><\/div><\/div><\/div><\/div><\/div><\/section><section class=\"l-section wpb_row us_custom_c70c97eb row_mid-width height_auto\"><div class=\"l-section-h i-cf\"><div class=\"g-cols vc_row via_grid cols_1 laptops-cols_inherit tablets-cols_inherit mobiles-cols_1 valign_top type_default stacking_default\"><div class=\"wpb_column vc_column_container row_semi-width\"><div class=\"vc_column-inner\"><div class=\"w-separator size_custom\" style=\"height:40px\"><\/div><div class=\"g-cols wpb_row row_semi-width via_grid cols_2 laptops-cols_inherit tablets-cols_inherit mobiles-cols_1 valign_bottom type_default stacking_default\" style=\"--columns-gap:3rem;\"><div class=\"wpb_column vc_column_container\"><div class=\"vc_column-inner\"><div class=\"wpb_text_column us_custom_d0d5058c\"><div class=\"wpb_wrapper\"><p style=\"text-align: center;\">In close collaboration with Widforss<\/p>\n<\/div><\/div><div class=\"w-separator size_custom\" style=\"height:20px\"><\/div><div class=\"w-image us_custom_7cfa74bd center-img align_center\"><a target=\"_blank\" rel=\"nofollow\" href=\"https:\/\/www.widforss.se\/\" aria-label=\"widforss\" class=\"w-image-h\"><img decoding=\"async\" width=\"550\" height=\"144\" src=\"https:\/\/coldadventures.se\/wp-content\/uploads\/2021\/12\/widforss.png\" class=\"attachment-full size-full\" alt=\"\" loading=\"lazy\" srcset=\"https:\/\/coldadventures.se\/wp-content\/uploads\/2021\/12\/widforss.png 550w, https:\/\/coldadventures.se\/wp-content\/uploads\/2021\/12\/widforss-300x79.png 300w\" sizes=\"auto, (max-width: 550px) 100vw, 550px\" \/><\/a><\/div><div class=\"w-separator size_custom\" style=\"height:20px\"><\/div><\/div><\/div><div class=\"wpb_column vc_column_container\"><div class=\"vc_column-inner\"><div class=\"w-image us_custom_c0223bf0 center-img align_center\"><div class=\"w-image-h\"><img decoding=\"async\" width=\"285\" height=\"282\" src=\"https:\/\/coldadventures.se\/wp-content\/uploads\/2021\/12\/eu.png\" class=\"attachment-full size-full\" alt=\"\" loading=\"lazy\" \/><\/div><\/div><div class=\"w-separator size_custom\" style=\"height:20px\"><\/div><\/div><\/div><\/div><div class=\"w-separator size_custom\" style=\"height:20px\"><\/div><\/div><\/div><\/div><\/div><\/section><section class=\"l-section wpb_row height_auto width_full\"><div class=\"l-section-h i-cf\"><div class=\"g-cols vc_row via_grid cols_1 laptops-cols_inherit tablets-cols_inherit mobiles-cols_1 valign_top type_default stacking_default\"><div class=\"wpb_column vc_column_container\"><div class=\"vc_column-inner\">\n<\/div><\/div><\/div><\/div><\/section>\n","protected":false},"excerpt":{"rendered":"About us Our roots are in the coastal villages and archipelago of Kalix. We would like to invite you to our archipelago-lifestyle. We love our archipelago and our eight seasons. That is why we have created a number of safaris, experiences and packages where you can enjoy the best of what the archipelago and the...","protected":false},"author":1,"featured_media":1925,"parent":0,"menu_order":0,"comment_status":"closed","ping_status":"closed","template":"","meta":{"_acf_changed":false,"footnotes":""},"class_list":["post-1076","page","type-page","status-publish","has-post-thumbnail","hentry"],"acf":[],"_links":{"self":[{"href":"https:\/\/coldadventures.se\/en\/wp-json\/wp\/v2\/pages\/1076","targetHints":{"allow":["GET"]}}],"collection":[{"href":"https:\/\/coldadventures.se\/en\/wp-json\/wp\/v2\/pages"}],"about":[{"href":"https:\/\/coldadventures.se\/en\/wp-json\/wp\/v2\/types\/page"}],"author":[{"embeddable":true,"href":"https:\/\/coldadventures.se\/en\/wp-json\/wp\/v2\/users\/1"}],"replies":[{"embeddable":true,"href":"https:\/\/coldadventures.se\/en\/wp-json\/wp\/v2\/comments?post=1076"}],"version-history":[{"count":21,"href":"https:\/\/coldadventures.se\/en\/wp-json\/wp\/v2\/pages\/1076\/revisions"}],"predecessor-version":[{"id":2118,"href":"https:\/\/coldadventures.se\/en\/wp-json\/wp\/v2\/pages\/1076\/revisions\/2118"}],"wp:featuredmedia":[{"embeddable":true,"href":"https:\/\/coldadventures.se\/en\/wp-json\/wp\/v2\/media\/1925"}],"wp:attachment":[{"href":"https:\/\/coldadventures.se\/en\/wp-json\/wp\/v2\/media?parent=1076"}],"curies":[{"name":"wp","href":"https:\/\/api.w.org\/{rel}","templated":true}]}}