{"id":1150,"date":"2021-12-19T14:04:12","date_gmt":"2021-12-19T14:04:12","guid":{"rendered":"http:\/\/coldadventures.se\/terms-and-conditions\/"},"modified":"2021-12-19T14:10:36","modified_gmt":"2021-12-19T14:10:36","slug":"terms-and-conditions","status":"publish","type":"page","link":"https:\/\/coldadventures.se\/en\/terms-and-conditions\/","title":{"rendered":"Terms and conditions"},"content":{"rendered":"<section class=\"l-section wpb_row height_auto\"><div class=\"l-section-h i-cf\"><div class=\"g-cols vc_row via_grid cols_1 laptops-cols_inherit tablets-cols_inherit mobiles-cols_1 valign_top type_default stacking_default\"><div class=\"wpb_column vc_column_container\"><div class=\"vc_column-inner\"><div class=\"wpb_text_column us_custom_d392eac1\"><div class=\"wpb_wrapper\"><div class=\"wpb_text_column us_custom_eb849559 integritetspolicy-textformat\">\n<div class=\"wpb_wrapper\">\n<h1 class=\"wp-block-heading\">TERMS AND CONDITIONS<\/h1>\n<\/div>\n<\/div>\n<div class=\"w-separator size_custom\">\u00a0<\/div>\n<div class=\"wpb_text_column us_custom_13015197 integritetspolicy-textformat\">\n<div class=\"wpb_wrapper\">\n<p>Your privacy is important to us. Our personal data policy aims to inform you about what personal data we process about you, why and how we process them, what rights you have and what responsibility we have for your personal data. You are always welcome to contact us if you have any questions.<\/p>\n<p>Cold Adventures handling of your personal data takes place in accordance with the Data Protection Regulation (Regulation (EU) 2016\/679 of the European Parliament and of the Council of 27 April 2016) (&#8220;GDPR&#8221;). This means, among other things, that Cold Adventures does not process your personal data to a greater extent than is necessary based on the purposes within our business.<\/p>\n<h3>Personal data manager<\/h3>\n<p>Cold Adventures AB, 559309-3916, Sk\u00e4rg\u00e5rdsv\u00e4gen 10, 952 50 Kalix-Nyborg, 070-225 54 04, info@coldadventures.se is responsible for personal data for the company&#8217;s processing of your personal data.<\/p>\n<h3>What personal data do we process about you?<\/h3>\n<p>All information that can be directly or indirectly linked to you as a natural individual is considered to be personal data. When you contact us, register an interest in our homes or register in one of our news or information mailings, you provide your personal information to us. The personal information consists of name, social security number, e-mail address, residential address and telephone number.<\/p>\n<p>If you disclose personal information about someone else to us, such as family members, you must ensure that they also receive the information in this document.<\/p>\n<h3>How do we use the data?<\/h3>\n<ul>\n<li>Cold Adventures uses your information to send relevant information about the project you have registered interest in<\/li>\n<li>Contact you regarding participation in the customer satisfaction survey<\/li>\n<li>Contact you by e-mail with information about upcoming events and other news<\/li>\n<li>We share your personal data with our IT suppliers (personal data assistants). We have written assistant agreements with all assistants in accordance with the GDPR, and thereby ensure a good level of security for your information.<\/li>\n<li>We will not transfer your information to any other third party, unless we have an obligation under law or court order to do so.<\/li>\n<li>Your information will never be sold, or transferred, further for direct marketing by third parties.<\/li>\n<\/ul>\n<h3>How do we protect your personal information?<\/h3>\n<p>In order for your personal information sent to our website not to be read by outsiders, all such information is encrypted and sent via a secure connection.<\/p>\n<p>If you want to know more about how we protect your personal information, contact us at <a href=\"mailto:info@coldadventures.se\">info@coldadventures.se<\/a><\/p>\n<h3>When is your personal data deleted?<\/h3>\n<p>We retain your personal information for as long as is necessary to be able to send out relevant information about the project you are interested in. When your possible home purchase has been completed, the information will be deleted in accordance with our thinning routine. This means that some data will be retained longer than others.<\/p>\n<p>You can always choose to no longer receive marketing via a link that is included in every email or by contacting <a href=\"mailto:info@solvinkeln.se\">info@coldadventures.se<\/a><\/p>\n<h3>Your rights in connection with our personal data processing<\/h3>\n<p>According to applicable data protection legislation, you have the following rights in connection with us processing your personal data:<\/p>\n<ul>\n<li>The right to receive information about what information we process about you and a copy of the information that is processed<\/li>\n<li>Right to have incorrect information corrected or information deleted<\/li>\n<li>The right to demand that our treatment be limited<\/li>\n<li>Right to request that we transfer your personal data to another company<\/li>\n<li>Right to object to our processing of your personal data<\/li>\n<li>Right to withdraw your consent (this does not affect the legality of the treatment made with the support of your consent before it was revoked)<\/li>\n<li>The right to lodge a complaint with the supervisory authority if you believe that our processing does not take place in accordance with applicable data protection legislation<\/li>\n<\/ul>\n<\/div>\n<\/div>\n<\/div><\/div><\/div><\/div><\/div><\/div><\/section><section class=\"l-section wpb_row height_auto\"><div class=\"l-section-h i-cf\"><div class=\"g-cols vc_row via_grid cols_1 laptops-cols_inherit tablets-cols_inherit mobiles-cols_1 valign_top type_default stacking_default\"><div class=\"wpb_column vc_column_container\"><div class=\"vc_column-inner\"><div class=\"wpb_text_column\"><div class=\"wpb_wrapper\"><\/div><\/div><\/div><\/div><\/div><\/div><\/section>","protected":false},"excerpt":{"rendered":"TERMS AND CONDITIONS \u00a0 Your privacy is important to us. Our personal data policy aims to inform you about what personal data we process about you, why and how we process them, what rights you have and what responsibility we have for your personal data. You are always welcome to contact us if you have...","protected":false},"author":1,"featured_media":0,"parent":0,"menu_order":0,"comment_status":"closed","ping_status":"open","template":"","meta":{"_acf_changed":false,"footnotes":""},"class_list":["post-1150","page","type-page","status-publish","hentry"],"acf":[],"_links":{"self":[{"href":"https:\/\/coldadventures.se\/en\/wp-json\/wp\/v2\/pages\/1150","targetHints":{"allow":["GET"]}}],"collection":[{"href":"https:\/\/coldadventures.se\/en\/wp-json\/wp\/v2\/pages"}],"about":[{"href":"https:\/\/coldadventures.se\/en\/wp-json\/wp\/v2\/types\/page"}],"author":[{"embeddable":true,"href":"https:\/\/coldadventures.se\/en\/wp-json\/wp\/v2\/users\/1"}],"replies":[{"embeddable":true,"href":"https:\/\/coldadventures.se\/en\/wp-json\/wp\/v2\/comments?post=1150"}],"version-history":[{"count":3,"href":"https:\/\/coldadventures.se\/en\/wp-json\/wp\/v2\/pages\/1150\/revisions"}],"predecessor-version":[{"id":1153,"href":"https:\/\/coldadventures.se\/en\/wp-json\/wp\/v2\/pages\/1150\/revisions\/1153"}],"wp:attachment":[{"href":"https:\/\/coldadventures.se\/en\/wp-json\/wp\/v2\/media?parent=1150"}],"curies":[{"name":"wp","href":"https:\/\/api.w.org\/{rel}","templated":true}]}}